{"id":2402,"date":"2024-10-14T19:56:18","date_gmt":"2024-10-14T17:56:18","guid":{"rendered":"https:\/\/relmax.sk\/informationen-ueber-die-verwendung-von-cookies\/"},"modified":"2026-03-20T13:02:45","modified_gmt":"2026-03-20T12:02:45","slug":"informationen-ueber-die-verwendung-von-cookies","status":"publish","type":"page","link":"https:\/\/relmax.sk\/de\/informationen-ueber-die-verwendung-von-cookies\/","title":{"rendered":"Informationen zur Verwendung von Cookies"},"content":{"rendered":"\t\t<div data-elementor-type=\"wp-page\" data-elementor-id=\"2402\" class=\"elementor elementor-2402 elementor-1841\" data-elementor-post-type=\"page\">\n\t\t\t\t\t\t<section class=\"elementor-section elementor-top-section elementor-element elementor-element-4cac9e7 ct-section-stretched elementor-section-boxed elementor-section-height-default elementor-section-height-default\" data-id=\"4cac9e7\" data-element_type=\"section\" data-e-type=\"section\" data-settings=\"{&quot;background_background&quot;:&quot;classic&quot;}\">\n\t\t\t\t\t\t\t<div class=\"elementor-background-overlay\"><\/div>\n\t\t\t\t\t\t\t<div class=\"elementor-container elementor-column-gap-default\">\n\t\t\t\t\t<div class=\"elementor-column elementor-col-100 elementor-top-column elementor-element elementor-element-a464f53\" data-id=\"a464f53\" data-element_type=\"column\" data-e-type=\"column\">\n\t\t\t<div class=\"elementor-widget-wrap elementor-element-populated\">\n\t\t\t\t\t\t\t<\/div>\n\t\t<\/div>\n\t\t\t\t\t<\/div>\n\t\t<\/section>\n\t\t\t\t<section class=\"elementor-section elementor-top-section elementor-element elementor-element-7057354 ct-section-stretched elementor-section-boxed elementor-section-height-default elementor-section-height-default\" data-id=\"7057354\" data-element_type=\"section\" data-e-type=\"section\">\n\t\t\t\t\t\t<div class=\"elementor-container elementor-column-gap-default\">\n\t\t\t\t\t<div class=\"elementor-column elementor-col-100 elementor-top-column elementor-element elementor-element-33e979f\" data-id=\"33e979f\" data-element_type=\"column\" data-e-type=\"column\">\n\t\t\t<div class=\"elementor-widget-wrap elementor-element-populated\">\n\t\t\t\t\t\t<div class=\"elementor-element elementor-element-508dc0d elementor-widget elementor-widget-text-editor\" data-id=\"508dc0d\" data-element_type=\"widget\" data-e-type=\"widget\" data-widget_type=\"text-editor.default\">\n\t\t\t\t<div class=\"elementor-widget-container\">\n\t\t\t\t\t\t\t\t\t<ol><li><h2><strong>Identifikation des Betreibers und allgemeine Informationen<\/strong> <\/h2><\/li><\/ol><p>Relmax, s. r. o., mit eingetragenem Sitz: Ulica \u0160tef\u00e1nikova 111\/21, 917 01 Trnava, Slowakische Republik, ID-Nr.: 55 424 490, eingetragen im Handelsregister des Bezirksgerichts Trnava, Abteilung: Sro, Einlage-Nr.: 54314\/T, verwendet auf ihrer Website <a href=\"http:\/\/www.relmax.sk\">www.relmax.sk<\/a> (nachfolgend die<strong>&#8222;Website<\/strong>&#8222;) als Betreiber (nachfolgend der<strong>&#8222;Betreiber<\/strong>&#8222;) Cookies.<\/p><p>Cookies sind kleine Textdateien, die ein Webbrowser auf Ihrem Ger\u00e4t speichern kann, wenn Sie eine Website besuchen. Sie werden verwendet, um die Funktionalit\u00e4t bestimmter Elemente der Website zu gew\u00e4hrleisten oder zum Beispiel um Websites zu erm\u00f6glichen, den Verkehr auf der Website besser zu erfassen.  <\/p><ol start=\"2\"><li><h2><strong>Arten von Cookies auf der Website  <\/strong><\/h2><\/li><\/ol><p>Der Betreiber kann die folgenden Arten von Cookies auf der Website des Betreibers verwenden:<\/p><ul><li><strong>funktionale<\/strong><strong>(notwendige) Cookies<\/strong>, die dazu dienen, die grundlegende Funktionalit\u00e4t einiger Elemente und Funktionen der Website zu gew\u00e4hrleisten, und wenn der Betreiber sie nicht verwendet, w\u00fcrden Ihnen einige Funktionen der Website nicht korrekt angezeigt werden.<\/li><\/ul><p> <\/p><p>Dies ist die PHPSESSID &#8211; Dieser Cookie ist spezifisch f\u00fcr PHP-Anwendungen. Das Cookie wird verwendet, um eine eindeutige Benutzer-Sitzungs-ID zu speichern und zu identifizieren, um die Sitzung des Benutzers auf der Website zu verwalten. Ein Cookie ist ein Sitzungscookie und wird gel\u00f6scht, wenn alle Browserfenster geschlossen werden.  <\/p><ul><li><strong>analytische Cookies, die <\/strong>verwendet werden, um den Website-Traffic und die Besucheraktivit\u00e4ten auf der Website des Betreibers zu messen.<\/li><\/ul><p> <\/p><p>Diese Dateien sind _ga_* und _ga &#8211; Diese Dateien werden verwendet, um den Verkehr auf der Website des Betreibers zu messen und die Besucherdaten zu z\u00e4hlen sowie die Nutzung der Website zu verfolgen.<\/p><p>Gem\u00e4\u00df der geltenden Gesetzgebung ist der Betreiber berechtigt, funktionale (notwendige) Cookies ohne Ihre Zustimmung auf Ihrem Ger\u00e4t zu speichern. Die Nutzung funktionaler Cookies k\u00f6nnen Sie \u00fcber die Einstellungen Ihres Browsers deaktivieren. In diesem Fall werden jedoch einige Funktionen der Website m\u00f6glicherweise nicht korrekt angezeigt. <\/p><p>Andere Arten von Cookies (<u>analytische, Pr\u00e4ferenz- u<\/u><u>nd M<\/u><u>arketing-Cookies<\/u>)  speichert der Betreiber auf Ihrem Ger\u00e4t nur dann, wenn Sie ihm \u00fcber die Cookie-Leiste (Cookie-Banner), die sich am unteren Rand der Website befindet, Ihre Zustimmung zur Nutzung erteilen. Falls Sie dem Betreiber keine Zustimmung zur Speicherung analytischer und Marketing-Cookies erteilen, wird der Betreiber auf Ihrem Ger\u00e4t nur funktionale (notwendige) Cookies speichern. <\/p><p><strong>Der Betreiber speichert auf seiner Website ausschlie\u00dflich die oben beschriebenen analytischen Cookies, f\u00fcr deren Speicherung Ihre Zustimmung erforderlich ist. Der Betreiber speichert auf seiner Website keine Pr\u00e4ferenz- oder Marketing-Cookies und ben\u00f6tigt daher in diesem Zusammenhang keine Zustimmung. <\/strong><\/p><p>Sie k\u00f6nnen Ihre Zustimmung zur Speicherung von Cookies auf Ihrem Ger\u00e4t widerrufen oder \u00e4ndern, indem Sie die Cookie-Leiste am unteren Rand der Website verwenden.<\/p><ol start=\"3\"><li><h2>G\u00fcltigkeit<\/h2><\/li><\/ol><p>Diese Website-Cookie-Richtlinie ist g\u00fcltig und wirksam ab dem 1.11.2024. Der Betreiber ist berechtigt, diese Cookie-Richtlinie zu aktualisieren und zu \u00e4ndern. Im Falle einer \u00c4nderung dieser Richtlinie wird der Betreiber Sie im Voraus \u00fcber die \u00c4nderungen informieren.  <\/p>\t\t\t\t\t\t\t\t<\/div>\n\t\t\t\t<\/div>\n\t\t\t\t\t<\/div>\n\t\t<\/div>\n\t\t\t\t\t<\/div>\n\t\t<\/section>\n\t\t\t\t<\/div>\n\t\t","protected":false},"excerpt":{"rendered":"<p>Identifikation des Betreibers und allgemeine Informationen Relmax, s. r. o., mit eingetragenem Sitz: Ulica \u0160tef\u00e1nikova 111\/21, 917 01 Trnava, Slowakische Republik, ID-Nr.: 55 424 490, eingetragen im Handelsregister des Bezirksgerichts Trnava, Abteilung: Sro, Einlage-Nr.: 54314\/T, verwendet auf ihrer Website www.relmax.sk (nachfolgend die&#8222;Website&#8222;) als Betreiber (nachfolgend der&#8222;Betreiber&#8222;) Cookies. Cookies sind kleine Textdateien, die ein Webbrowser auf [&hellip;]<\/p>\n","protected":false},"author":1,"featured_media":2411,"parent":0,"menu_order":0,"comment_status":"closed","ping_status":"closed","template":"","meta":{"footnotes":""},"class_list":["post-2402","page","type-page","status-publish","has-post-thumbnail","hentry"],"blocksy_meta":[],"_links":{"self":[{"href":"https:\/\/relmax.sk\/de\/wp-json\/wp\/v2\/pages\/2402","targetHints":{"allow":["GET"]}}],"collection":[{"href":"https:\/\/relmax.sk\/de\/wp-json\/wp\/v2\/pages"}],"about":[{"href":"https:\/\/relmax.sk\/de\/wp-json\/wp\/v2\/types\/page"}],"author":[{"embeddable":true,"href":"https:\/\/relmax.sk\/de\/wp-json\/wp\/v2\/users\/1"}],"replies":[{"embeddable":true,"href":"https:\/\/relmax.sk\/de\/wp-json\/wp\/v2\/comments?post=2402"}],"version-history":[{"count":0,"href":"https:\/\/relmax.sk\/de\/wp-json\/wp\/v2\/pages\/2402\/revisions"}],"wp:featuredmedia":[{"embeddable":true,"href":"https:\/\/relmax.sk\/de\/wp-json\/wp\/v2\/media\/2411"}],"wp:attachment":[{"href":"https:\/\/relmax.sk\/de\/wp-json\/wp\/v2\/media?parent=2402"}],"curies":[{"name":"wp","href":"https:\/\/api.w.org\/{rel}","templated":true}]}}