{"id":2190,"date":"2024-11-04T16:52:06","date_gmt":"2024-11-04T15:52:06","guid":{"rendered":"https:\/\/relmax.sk\/zertifikate\/"},"modified":"2026-03-20T13:50:41","modified_gmt":"2026-03-20T12:50:41","slug":"zertifikate","status":"publish","type":"page","link":"https:\/\/relmax.sk\/de\/zertifikate\/","title":{"rendered":"Zertifikate"},"content":{"rendered":"\t\t<div data-elementor-type=\"wp-page\" data-elementor-id=\"2190\" class=\"elementor elementor-2190 elementor-1955\" data-elementor-post-type=\"page\">\n\t\t\t\t\t\t<section class=\"elementor-section elementor-top-section elementor-element elementor-element-3d5b0bbe ct-section-stretched elementor-section-height-min-height elementor-section-boxed elementor-section-height-default elementor-section-items-middle\" data-id=\"3d5b0bbe\" data-element_type=\"section\" data-e-type=\"section\" data-settings=\"{&quot;background_background&quot;:&quot;classic&quot;}\">\n\t\t\t\t\t\t\t<div class=\"elementor-background-overlay\"><\/div>\n\t\t\t\t\t\t\t<div class=\"elementor-container elementor-column-gap-default\">\n\t\t\t\t\t<div class=\"elementor-column elementor-col-100 elementor-top-column elementor-element elementor-element-59b6f6b6\" data-id=\"59b6f6b6\" data-element_type=\"column\" data-e-type=\"column\">\n\t\t\t<div class=\"elementor-widget-wrap elementor-element-populated\">\n\t\t\t\t\t\t<div class=\"elementor-element elementor-element-d3657fe elementor-headline--style-highlight elementor-widget elementor-widget-animated-headline\" data-id=\"d3657fe\" data-element_type=\"widget\" data-e-type=\"widget\" data-settings=\"{&quot;marker&quot;:&quot;underline_zigzag&quot;,&quot;highlighted_text&quot;:&quot;RELMAX s.r.o.&quot;,&quot;headline_style&quot;:&quot;highlight&quot;,&quot;loop&quot;:&quot;yes&quot;,&quot;highlight_animation_duration&quot;:1200,&quot;highlight_iteration_delay&quot;:8000}\" data-widget_type=\"animated-headline.default\">\n\t\t\t\t<div class=\"elementor-widget-container\">\n\t\t\t\t\t\t\t<h1 class=\"elementor-headline\">\n\t\t\t\t\t<span class=\"elementor-headline-plain-text elementor-headline-text-wrapper\">Bescheinigungen und Lizenzen<br><\/span>\n\t\t\t\t<span class=\"elementor-headline-dynamic-wrapper elementor-headline-text-wrapper\">\n\t\t\t\t\t<span class=\"elementor-headline-dynamic-text elementor-headline-text-active\">RELMAX s.r.o.<\/span>\n\t\t\t\t<\/span>\n\t\t\t\t<\/h1>\n\t\t\t\t\t\t<\/div>\n\t\t\t\t<\/div>\n\t\t\t\t\t<\/div>\n\t\t<\/div>\n\t\t\t\t\t<\/div>\n\t\t<\/section>\n\t\t\t\t<section class=\"elementor-section elementor-top-section elementor-element elementor-element-dc3e48a elementor-section-boxed elementor-section-height-default elementor-section-height-default\" data-id=\"dc3e48a\" data-element_type=\"section\" data-e-type=\"section\">\n\t\t\t\t\t\t<div class=\"elementor-container elementor-column-gap-default\">\n\t\t\t\t\t<div class=\"elementor-column elementor-col-100 elementor-top-column elementor-element elementor-element-597f98e\" data-id=\"597f98e\" data-element_type=\"column\" data-e-type=\"column\">\n\t\t\t<div class=\"elementor-widget-wrap elementor-element-populated\">\n\t\t\t\t\t\t<div class=\"elementor-element elementor-element-4a0a61e elementor-grid-3 elementor-grid-tablet-2 elementor-grid-mobile-1 pp-ins-normal elementor-widget elementor-widget-pp-image-gallery\" data-id=\"4a0a61e\" data-element_type=\"widget\" data-e-type=\"widget\" data-widget_type=\"pp-image-gallery.default\">\n\t\t\t\t<div class=\"elementor-widget-container\">\n\t\t\t\t\t\t\t<div class=\"pp-image-gallery-container\" data-settings=\"{&quot;tilt_enable&quot;:&quot;no&quot;,&quot;layout&quot;:&quot;grid&quot;,&quot;post_id&quot;:2190,&quot;template_id&quot;:2190,&quot;widget_id&quot;:&quot;4a0a61e&quot;}\">\n\t\t\t\t\t\t\t\t\t\t\t<div class=\"pp-image-gallery pp-elementor-grid\" id=\"pp-image-gallery-4a0a61e\">\n\t\t\t\t\t\t\t\t<div class=\"pp-grid-item-wrap \" data-item-id=\"2646\">\n\t\t\t\t<div class=\"pp-grid-item pp-image\">\n\t\t\t\t\t<div class=\"pp-image-gallery-thumbnail-wrap pp-ins-filter-hover\">\n\t\t\t\t\t\t<a data-elementor-open-lightbox=\"yes\" data-elementor-lightbox-slideshow=\"4a0a61e\" data-elementor-lightbox-title=\"Certifik\u00e1t - MORLEY - Tom\u00e1\u0161 Ry\u0161ka\" data-e-action-hash=\"#elementor-action%3Aaction%3Dlightbox%26settings%3DeyJpZCI6MjY0NiwidXJsIjoiaHR0cHM6XC9cL3JlbG1heC5za1wvd3AtY29udGVudFwvdXBsb2Fkc1wvMjAyNFwvMTFcL0NlcnRpZmlrYXQtTU9STEVZLVRvbWFzLVJ5c2thLmpwZyIsInNsaWRlc2hvdyI6IjRhMGE2MWUifQ%3D%3D\" class=\"elementor-clickable pp-image-gallery-item-link\" href=\"https:\/\/relmax.sk\/wp-content\/uploads\/2024\/11\/Certifikat-MORLEY-Tomas-Ryska.jpg\"><div class=\"pp-ins-filter-target pp-image-gallery-thumbnail\"><img decoding=\"async\" class=\"pp-gallery-slide-image\" src=\"https:\/\/relmax.sk\/wp-content\/uploads\/2024\/11\/Certifikat-MORLEY-Tomas-Ryska.jpg\" alt=\"Certifik\u00e1t - MORLEY - Tom\u00e1\u0161 Ry\u0161ka\" data-no-lazy=\"1\"\/><\/div><div class=\"pp-image-overlay pp-media-overlay\"><\/div><div class=\"pp-gallery-image-content pp-media-content\"><\/div><\/a>\t\t\t\t\t<\/div>\n\t\t\t\t<\/div>\n\t\t\t<\/div>\n\t\t\t\t\t\t<div class=\"pp-grid-item-wrap \" data-item-id=\"2647\">\n\t\t\t\t<div class=\"pp-grid-item pp-image\">\n\t\t\t\t\t<div class=\"pp-image-gallery-thumbnail-wrap pp-ins-filter-hover\">\n\t\t\t\t\t\t<a data-elementor-open-lightbox=\"yes\" data-elementor-lightbox-slideshow=\"4a0a61e\" data-elementor-lightbox-title=\"Certifik\u00e1t - SATEL - Tom\u00e1\u0161 Ry\u0161ka\" data-e-action-hash=\"#elementor-action%3Aaction%3Dlightbox%26settings%3DeyJpZCI6MjY0NywidXJsIjoiaHR0cHM6XC9cL3JlbG1heC5za1wvd3AtY29udGVudFwvdXBsb2Fkc1wvMjAyNFwvMTFcL0NlcnRpZmlrYXQtU0FURUwtVG9tYXMtUnlza2EuanBnIiwic2xpZGVzaG93IjoiNGEwYTYxZSJ9\" class=\"elementor-clickable pp-image-gallery-item-link\" href=\"https:\/\/relmax.sk\/wp-content\/uploads\/2024\/11\/Certifikat-SATEL-Tomas-Ryska.jpg\"><div class=\"pp-ins-filter-target pp-image-gallery-thumbnail\"><img decoding=\"async\" class=\"pp-gallery-slide-image\" src=\"https:\/\/relmax.sk\/wp-content\/uploads\/2024\/11\/Certifikat-SATEL-Tomas-Ryska.jpg\" alt=\"Certifik\u00e1t - SATEL - Tom\u00e1\u0161 Ry\u0161ka\" data-no-lazy=\"1\"\/><\/div><div class=\"pp-image-overlay pp-media-overlay\"><\/div><div class=\"pp-gallery-image-content pp-media-content\"><\/div><\/a>\t\t\t\t\t<\/div>\n\t\t\t\t<\/div>\n\t\t\t<\/div>\n\t\t\t\t\t\t<div class=\"pp-grid-item-wrap \" data-item-id=\"2648\">\n\t\t\t\t<div class=\"pp-grid-item pp-image\">\n\t\t\t\t\t<div class=\"pp-image-gallery-thumbnail-wrap pp-ins-filter-hover\">\n\t\t\t\t\t\t<a data-elementor-open-lightbox=\"yes\" data-elementor-lightbox-slideshow=\"4a0a61e\" data-elementor-lightbox-title=\"Certifik\u00e1t - TOA - Tom\u00e1\u0161 Ry\u0161ka\" data-e-action-hash=\"#elementor-action%3Aaction%3Dlightbox%26settings%3DeyJpZCI6MjY0OCwidXJsIjoiaHR0cHM6XC9cL3JlbG1heC5za1wvd3AtY29udGVudFwvdXBsb2Fkc1wvMjAyNFwvMTFcL0NlcnRpZmlrYXQtVE9BLVRvbWFzLVJ5c2thLmpwZyIsInNsaWRlc2hvdyI6IjRhMGE2MWUifQ%3D%3D\" class=\"elementor-clickable pp-image-gallery-item-link\" href=\"https:\/\/relmax.sk\/wp-content\/uploads\/2024\/11\/Certifikat-TOA-Tomas-Ryska.jpg\"><div class=\"pp-ins-filter-target pp-image-gallery-thumbnail\"><img decoding=\"async\" class=\"pp-gallery-slide-image\" src=\"https:\/\/relmax.sk\/wp-content\/uploads\/2024\/11\/Certifikat-TOA-Tomas-Ryska.jpg\" alt=\"Certifik\u00e1t - TOA - Tom\u00e1\u0161 Ry\u0161ka\" data-no-lazy=\"1\"\/><\/div><div class=\"pp-image-overlay pp-media-overlay\"><\/div><div class=\"pp-gallery-image-content pp-media-content\"><\/div><\/a>\t\t\t\t\t<\/div>\n\t\t\t\t<\/div>\n\t\t\t<\/div>\n\t\t\t\t\t\t<div class=\"pp-grid-item-wrap \" data-item-id=\"2649\">\n\t\t\t\t<div class=\"pp-grid-item pp-image\">\n\t\t\t\t\t<div class=\"pp-image-gallery-thumbnail-wrap pp-ins-filter-hover\">\n\t\t\t\t\t\t<a data-elementor-open-lightbox=\"yes\" data-elementor-lightbox-slideshow=\"4a0a61e\" data-elementor-lightbox-title=\"Honeywell certifik\u00e1t - mont\u00e1\u017e EPS ESSER - Tom\u00e1\u0161 Ry\u0161ka\" data-e-action-hash=\"#elementor-action%3Aaction%3Dlightbox%26settings%3DeyJpZCI6MjY0OSwidXJsIjoiaHR0cHM6XC9cL3JlbG1heC5za1wvd3AtY29udGVudFwvdXBsb2Fkc1wvMjAyNFwvMTFcL0hvbmV5d2VsbC1jZXJ0aWZpa2F0LW1vbnRhei1FUFMtRVNTRVItVG9tYXMtUnlza2EuanBnIiwic2xpZGVzaG93IjoiNGEwYTYxZSJ9\" class=\"elementor-clickable pp-image-gallery-item-link\" href=\"https:\/\/relmax.sk\/wp-content\/uploads\/2024\/11\/Honeywell-certifikat-montaz-EPS-ESSER-Tomas-Ryska.jpg\"><div class=\"pp-ins-filter-target pp-image-gallery-thumbnail\"><img decoding=\"async\" class=\"pp-gallery-slide-image\" src=\"https:\/\/relmax.sk\/wp-content\/uploads\/2024\/11\/Honeywell-certifikat-montaz-EPS-ESSER-Tomas-Ryska.jpg\" alt=\"Honeywell certifik\u00e1t - mont\u00e1\u017e EPS ESSER - Tom\u00e1\u0161 Ry\u0161ka\" data-no-lazy=\"1\"\/><\/div><div class=\"pp-image-overlay pp-media-overlay\"><\/div><div class=\"pp-gallery-image-content pp-media-content\"><\/div><\/a>\t\t\t\t\t<\/div>\n\t\t\t\t<\/div>\n\t\t\t<\/div>\n\t\t\t\t\t\t<div class=\"pp-grid-item-wrap \" data-item-id=\"2650\">\n\t\t\t\t<div class=\"pp-grid-item pp-image\">\n\t\t\t\t\t<div class=\"pp-image-gallery-thumbnail-wrap pp-ins-filter-hover\">\n\t\t\t\t\t\t<a data-elementor-open-lightbox=\"yes\" data-elementor-lightbox-slideshow=\"4a0a61e\" data-elementor-lightbox-title=\"Honeywell certifikat - mont\u00e1\u017e VARIODY D1 - Jozef Radim\u00e1k\" data-e-action-hash=\"#elementor-action%3Aaction%3Dlightbox%26settings%3DeyJpZCI6MjY1MCwidXJsIjoiaHR0cHM6XC9cL3JlbG1heC5za1wvd3AtY29udGVudFwvdXBsb2Fkc1wvMjAyNFwvMTFcL0hvbmV5d2VsbC1jZXJ0aWZpa2F0LW1vbnRhei1WQVJJT0RZLUQxLUpvemVmLVJhZGltYWsuanBnIiwic2xpZGVzaG93IjoiNGEwYTYxZSJ9\" class=\"elementor-clickable pp-image-gallery-item-link\" href=\"https:\/\/relmax.sk\/wp-content\/uploads\/2024\/11\/Honeywell-certifikat-montaz-VARIODY-D1-Jozef-Radimak.jpg\"><div class=\"pp-ins-filter-target pp-image-gallery-thumbnail\"><img decoding=\"async\" class=\"pp-gallery-slide-image\" src=\"https:\/\/relmax.sk\/wp-content\/uploads\/2024\/11\/Honeywell-certifikat-montaz-VARIODY-D1-Jozef-Radimak.jpg\" alt=\"Honeywell certifikat - mont\u00e1\u017e VARIODY D1 - Jozef Radim\u00e1k\" data-no-lazy=\"1\"\/><\/div><div class=\"pp-image-overlay pp-media-overlay\"><\/div><div class=\"pp-gallery-image-content pp-media-content\"><\/div><\/a>\t\t\t\t\t<\/div>\n\t\t\t\t<\/div>\n\t\t\t<\/div>\n\t\t\t\t\t\t<div class=\"pp-grid-item-wrap \" data-item-id=\"2651\">\n\t\t\t\t<div class=\"pp-grid-item pp-image\">\n\t\t\t\t\t<div class=\"pp-image-gallery-thumbnail-wrap pp-ins-filter-hover\">\n\t\t\t\t\t\t<a data-elementor-open-lightbox=\"yes\" data-elementor-lightbox-slideshow=\"4a0a61e\" data-elementor-lightbox-title=\"Licencia technickej slu\u017eby - Relmax s.r.o.\" data-e-action-hash=\"#elementor-action%3Aaction%3Dlightbox%26settings%3DeyJpZCI6MjY1MSwidXJsIjoiaHR0cHM6XC9cL3JlbG1heC5za1wvd3AtY29udGVudFwvdXBsb2Fkc1wvMjAyNFwvMTFcL0xpY2VuY2lhLXRlY2huaWNrZWotc2x1emJ5LVJlbG1heC1zLnIuby5qcGciLCJzbGlkZXNob3ciOiI0YTBhNjFlIn0%3D\" class=\"elementor-clickable pp-image-gallery-item-link\" href=\"https:\/\/relmax.sk\/wp-content\/uploads\/2024\/11\/Licencia-technickej-sluzby-Relmax-s.r.o.jpg\"><div class=\"pp-ins-filter-target pp-image-gallery-thumbnail\"><img decoding=\"async\" class=\"pp-gallery-slide-image\" src=\"https:\/\/relmax.sk\/wp-content\/uploads\/2024\/11\/Licencia-technickej-sluzby-Relmax-s.r.o.jpg\" alt=\"Licencia technickej slu\u017eby - Relmax s.r.o.\" data-no-lazy=\"1\"\/><\/div><div class=\"pp-image-overlay pp-media-overlay\"><\/div><div class=\"pp-gallery-image-content pp-media-content\"><\/div><\/a>\t\t\t\t\t<\/div>\n\t\t\t\t<\/div>\n\t\t\t<\/div>\n\t\t\t\t\t\t<div class=\"pp-grid-item-wrap \" data-item-id=\"2652\">\n\t\t\t\t<div class=\"pp-grid-item pp-image\">\n\t\t\t\t\t<div class=\"pp-image-gallery-thumbnail-wrap pp-ins-filter-hover\">\n\t\t\t\t\t\t<a data-elementor-open-lightbox=\"yes\" data-elementor-lightbox-slideshow=\"4a0a61e\" data-elementor-lightbox-title=\"Certifik\u00e1t - JABLOTRON - Jozef Radim\u00e1k\" data-e-action-hash=\"#elementor-action%3Aaction%3Dlightbox%26settings%3DeyJpZCI6MjY1MiwidXJsIjoiaHR0cHM6XC9cL3JlbG1heC5za1wvd3AtY29udGVudFwvdXBsb2Fkc1wvMjAyNFwvMTFcL0NlcnRpZmlrYXQtSkFCTE9UUk9OLUpvemVmLVJhZGltYWsuanBnIiwic2xpZGVzaG93IjoiNGEwYTYxZSJ9\" class=\"elementor-clickable pp-image-gallery-item-link\" href=\"https:\/\/relmax.sk\/wp-content\/uploads\/2024\/11\/Certifikat-JABLOTRON-Jozef-Radimak.jpg\"><div class=\"pp-ins-filter-target pp-image-gallery-thumbnail\"><img decoding=\"async\" class=\"pp-gallery-slide-image\" src=\"https:\/\/relmax.sk\/wp-content\/uploads\/2024\/11\/Certifikat-JABLOTRON-Jozef-Radimak.jpg\" alt=\"Certifik\u00e1t - JABLOTRON - Jozef Radim\u00e1k\" data-no-lazy=\"1\"\/><\/div><div class=\"pp-image-overlay pp-media-overlay\"><\/div><div class=\"pp-gallery-image-content pp-media-content\"><\/div><\/a>\t\t\t\t\t<\/div>\n\t\t\t\t<\/div>\n\t\t\t<\/div>\n\t\t\t\t\t\t<div class=\"pp-grid-item-wrap \" data-item-id=\"2653\">\n\t\t\t\t<div class=\"pp-grid-item pp-image\">\n\t\t\t\t\t<div class=\"pp-image-gallery-thumbnail-wrap pp-ins-filter-hover\">\n\t\t\t\t\t\t<a data-elementor-open-lightbox=\"yes\" data-elementor-lightbox-slideshow=\"4a0a61e\" data-elementor-lightbox-title=\"PROfiber certifik\u00e1t - zv\u00e1ranie optiky - Jozef Radim\u00e1k\" data-e-action-hash=\"#elementor-action%3Aaction%3Dlightbox%26settings%3DeyJpZCI6MjY1MywidXJsIjoiaHR0cHM6XC9cL3JlbG1heC5za1wvd3AtY29udGVudFwvdXBsb2Fkc1wvMjAyNFwvMTFcL1BST2ZpYmVyLWNlcnRpZmlrYXQtenZhcmFuaWUtb3B0aWt5LUpvemVmLVJhZGltYWsuanBnIiwic2xpZGVzaG93IjoiNGEwYTYxZSJ9\" class=\"elementor-clickable pp-image-gallery-item-link\" href=\"https:\/\/relmax.sk\/wp-content\/uploads\/2024\/11\/PROfiber-certifikat-zvaranie-optiky-Jozef-Radimak.jpg\"><div class=\"pp-ins-filter-target pp-image-gallery-thumbnail\"><img decoding=\"async\" class=\"pp-gallery-slide-image\" src=\"https:\/\/relmax.sk\/wp-content\/uploads\/2024\/11\/PROfiber-certifikat-zvaranie-optiky-Jozef-Radimak.jpg\" alt=\"PROfiber certifik\u00e1t - zv\u00e1ranie optiky - Jozef Radim\u00e1k\" data-no-lazy=\"1\"\/><\/div><div class=\"pp-image-overlay pp-media-overlay\"><\/div><div class=\"pp-gallery-image-content pp-media-content\"><\/div><\/a>\t\t\t\t\t<\/div>\n\t\t\t\t<\/div>\n\t\t\t<\/div>\n\t\t\t\t\t\t\t<\/div>\n\t\t\t\t\t\t<\/div>\n\t\t\t\t\t\t<\/div>\n\t\t\t\t<\/div>\n\t\t\t\t\t<\/div>\n\t\t<\/div>\n\t\t\t\t\t<\/div>\n\t\t<\/section>\n\t\t\t\t<\/div>\n\t\t","protected":false},"excerpt":{"rendered":"<p>Bescheinigungen und Lizenzen RELMAX s.r.o.<\/p>\n","protected":false},"author":1,"featured_media":2191,"parent":0,"menu_order":0,"comment_status":"closed","ping_status":"closed","template":"","meta":{"footnotes":""},"class_list":["post-2190","page","type-page","status-publish","has-post-thumbnail","hentry"],"blocksy_meta":[],"_links":{"self":[{"href":"https:\/\/relmax.sk\/de\/wp-json\/wp\/v2\/pages\/2190","targetHints":{"allow":["GET"]}}],"collection":[{"href":"https:\/\/relmax.sk\/de\/wp-json\/wp\/v2\/pages"}],"about":[{"href":"https:\/\/relmax.sk\/de\/wp-json\/wp\/v2\/types\/page"}],"author":[{"embeddable":true,"href":"https:\/\/relmax.sk\/de\/wp-json\/wp\/v2\/users\/1"}],"replies":[{"embeddable":true,"href":"https:\/\/relmax.sk\/de\/wp-json\/wp\/v2\/comments?post=2190"}],"version-history":[{"count":0,"href":"https:\/\/relmax.sk\/de\/wp-json\/wp\/v2\/pages\/2190\/revisions"}],"wp:featuredmedia":[{"embeddable":true,"href":"https:\/\/relmax.sk\/de\/wp-json\/wp\/v2\/media\/2191"}],"wp:attachment":[{"href":"https:\/\/relmax.sk\/de\/wp-json\/wp\/v2\/media?parent=2190"}],"curies":[{"name":"wp","href":"https:\/\/api.w.org\/{rel}","templated":true}]}}